{"id":1351,"date":"2011-02-04T21:38:53","date_gmt":"2011-02-04T20:38:53","guid":{"rendered":"https:\/\/radno.kulanorinska.hr.win7.mojsite.com\/web\/?page_id=1351"},"modified":"2018-09-13T06:37:25","modified_gmt":"2018-09-13T04:37:25","slug":"zupna-crkva","status":"publish","type":"page","link":"https:\/\/radno.kulanorinska.hr\/?page_id=1351","title":{"rendered":"\u017dupna crkva"},"content":{"rendered":"<div>\n<p>Na podru\u010dju Op\u0107ine Kula Norinska postoje crkve u mjestima&nbsp;&nbsp;Bagalovi\u0107i&nbsp;(\u017eupska crkva \u017dupe Bagalovi\u0107i koja obuhva\u0107a naselja Krvavac, Krvavac II, Kula Norinska, Matijevi\u0107i, Momi\u0107i i Podrujnica),&nbsp;Momi\u0107i, Desne&nbsp;(\u017eupska crkva \u017dupe Sv. Jure Desne),&nbsp;Nova Sela, Borovci, te kapele u naseljima&nbsp;Krvavac, Kula Norinska i Podrujnica.<\/p>\nngg_shortcode_0_placeholder\n<\/div>\n","protected":false},"excerpt":{"rendered":"<p>Na podru\u010dju Op\u0107ine Kula Norinska postoje crkve u mjestima&nbsp;&nbsp;Bagalovi\u0107i&nbsp;(\u017eupska crkva \u017dupe Bagalovi\u0107i koja obuhva\u0107a naselja Krvavac, Krvavac II, Kula Norinska, Matijevi\u0107i, Momi\u0107i i Podrujnica),&nbsp;Momi\u0107i, Desne&nbsp;(\u017eupska crkva \u017dupe Sv. Jure Desne),&nbsp;Nova Sela, Borovci, te kapele u naseljima&nbsp;Krvavac, Kula Norinska i Podrujnica.<\/p>\n","protected":false},"author":1,"featured_media":0,"parent":488,"menu_order":115,"comment_status":"closed","ping_status":"open","template":"","meta":{"_monsterinsights_skip_tracking":false,"_monsterinsights_sitenote_active":false,"_monsterinsights_sitenote_note":"","_monsterinsights_sitenote_category":0,"ngg_post_thumbnail":0,"footnotes":""},"class_list":["post-1351","page","type-page","status-publish","hentry"],"_links":{"self":[{"href":"https:\/\/radno.kulanorinska.hr\/index.php?rest_route=\/wp\/v2\/pages\/1351","targetHints":{"allow":["GET"]}}],"collection":[{"href":"https:\/\/radno.kulanorinska.hr\/index.php?rest_route=\/wp\/v2\/pages"}],"about":[{"href":"https:\/\/radno.kulanorinska.hr\/index.php?rest_route=\/wp\/v2\/types\/page"}],"author":[{"embeddable":true,"href":"https:\/\/radno.kulanorinska.hr\/index.php?rest_route=\/wp\/v2\/users\/1"}],"replies":[{"embeddable":true,"href":"https:\/\/radno.kulanorinska.hr\/index.php?rest_route=%2Fwp%2Fv2%2Fcomments&post=1351"}],"version-history":[{"count":1,"href":"https:\/\/radno.kulanorinska.hr\/index.php?rest_route=\/wp\/v2\/pages\/1351\/revisions"}],"predecessor-version":[{"id":7921,"href":"https:\/\/radno.kulanorinska.hr\/index.php?rest_route=\/wp\/v2\/pages\/1351\/revisions\/7921"}],"up":[{"embeddable":true,"href":"https:\/\/radno.kulanorinska.hr\/index.php?rest_route=\/wp\/v2\/pages\/488"}],"wp:attachment":[{"href":"https:\/\/radno.kulanorinska.hr\/index.php?rest_route=%2Fwp%2Fv2%2Fmedia&parent=1351"}],"curies":[{"name":"wp","href":"https:\/\/api.w.org\/{rel}","templated":true}]}}