{"id":9297,"date":"2020-09-11T09:40:10","date_gmt":"2020-09-11T07:40:10","guid":{"rendered":"https:\/\/radno.kulanorinska.hr\/?page_id=9297"},"modified":"2020-09-18T17:43:25","modified_gmt":"2020-09-18T15:43:25","slug":"izjava-o-pristupacnosti","status":"publish","type":"page","link":"https:\/\/radno.kulanorinska.hr\/?page_id=9297","title":{"rendered":"Izjava o pristupa\u010dnosti"},"content":{"rendered":"<p style=\"text-align: left;\"><strong>Izjava o pristupa\u010dnosti<\/strong><\/p>\n<p style=\"text-align: left;\">Op\u0107ina Kula Norinska nastoji svoje mre\u017ene stranice u\u010diniti pristupa\u010dnima u skladu sa Zakonom o pristupa\u010dnosti mre\u017enih stranica i programskih rje\u0161enja za pokretne ure\u0111aje tijela javnog sektora Republike Hrvatske (\u201eNarodne novine\u201c, broj 17\/19; dalje u tekstu: Zakon o pristupa\u010dnosti) kojim se prenosi Direktiva (EU) 2016\/2102 Europskog parlamenta i Vije\u0107a od 26. listopada 2016. o pristupa\u010dnosti internetskih stranica i mobilnih aplikacija tijela javnog sektora (SL L 327, 2.12.2016.).<\/p>\n<p style=\"text-align: left;\">Ova Izjava o pristupa\u010dnosti primjenjuje se na mre\u017eno sjedi\u0161te Op\u0107ine Kula Norinska koje se nalazi na adresi: kulanorinska.hr<\/p>\n<p style=\"text-align: left;\"><strong>Stupanj uskla\u0111enosti<\/strong><\/p>\n<p style=\"text-align: left;\">Instalacijom opcija za promjenu veli\u010dine i vrste fonta, promjenu kontrasta i promjenu boje pozadine izvr\u0161ena je po\u010detna prilagodba mre\u017enog sjedi\u0161ta kulanorinska.hr u skladu sa Zakonom o pristupa\u010dnosti.<\/p>\n<p style=\"text-align: left;\">Mre\u017eno sjedi\u0161te kulanorinska.hr djelomi\u010dno je uskla\u0111eno sa Zakonom zbog neuskla\u0111enosti koje su navedene u nastavku.<\/p>\n<p style=\"text-align: left;\"><strong>Nepristupa\u010dan sadr\u017eaj<\/strong><\/p>\n<p style=\"text-align: left;\">Sadr\u017eaj naveden u nastavku je nepristupa\u010dan iz razloga:<\/p>\n<ul style=\"text-align: left;\">\n<li>Tekst nije u potpunosti poravnan po lijevoj margini<\/li>\n<li>Ne postoji opcija uklju\u010divanja fonta za osobe s disleksijom<\/li>\n<li>Pojedini elementi nemaju dovoljno dobar kontrast s pozadinom<\/li>\n<li>pojedine .pdf datoteke sadr\u017eane u objavama nisu u cijelosti nastale izvozom iz izvori\u0161ne datoteke iz alata Microsoft Office Word uz odabir opcija za pristupa\u010dnost, ve\u0107 skeniranjem tiskanih dokumenata, odnosno nisu pristupa\u010dne jer nisu prikladno pripremljene za \u010dita\u010de ekrana;<\/li>\n<li>dio slika i datoteka nema prikladan tekstualni opis (alt tekst);<\/li>\n<li>pojedine vrste datoteka ( .doc, .xls) dostupne su isklju\u010divo kao datoteke za preuzimanje<\/li>\n<li>izbornici s poveznicom se otvaraju prelaskom umjesto klikom<\/li>\n<li>nije mogu\u0107e u potpunosti kretanje kroz sadr\u017eaj stranice tipkovnicom<\/li>\n<\/ul>\n<p style=\"text-align: left;\">Op\u0107ina Kula Norinska radi na uklanjanju uo\u010denih neuskla\u0111enosti s ciljem uskla\u0111ivanja sa Zakonom o pristupa\u010dnosti.<\/p>\n<p style=\"text-align: left;\"><strong>Priprema ove izjave o pristupa\u010dnosti<\/strong><\/p>\n<p style=\"text-align: left;\">Ova je izjava sastavljena 18. rujna 2020. godine, prema Predlo\u0161ku izjave o pristupa\u010dnosti koji je u skladu s Direktivom (EU) 2016\/2102 Europskog parlamenta i Vije\u0107a o pristupa\u010dnosti internetskih stranica i mobilnih aplikacija tijela javnog sektora, a utvr\u0111ena je Provedbenom odlukom Komisije (EU) 2018\/1523.<\/p>\n<p style=\"text-align: left;\">Za pripremu ove Izjave kori\u0161tena je metoda samoprocjene koju je provela Op\u0107ina Kula Norinska, uz automatiziranu provjeru pristupa\u010dnosti kori\u0161tenjem razli\u010ditih dostupnih alata te vanjskom procjenom.<\/p>\n<p style=\"text-align: left;\">Izjava je zadnji put preispitana 18. rujna 2020.<\/p>\n<p style=\"text-align: left;\"><strong>Povratne informacije i podaci za kontakt<\/strong><\/p>\n<p style=\"text-align: left;\">Molimo korisnike ovih mre\u017enih stranica ako primijete neuskla\u0111en sadr\u017eaj, koji nije obuhva\u0107en ovom izjavom, da o tome obavijeste Op\u0107inu Kula Norinska.<\/p>\n<p style=\"text-align: left;\">Sve upite vezane uz pristupa\u010dnost mre\u017enog sjedi\u0161ta Op\u0107ina Kula Norinska korisnici mogu uputiti putem elektroni\u010dke po\u0161te: kula.norinska@du.t-com.hr.<\/p>\n<p style=\"text-align: left;\"><strong>Postupak pra\u0107enja provedbe propisa<\/strong><\/p>\n<p style=\"text-align: left;\">Povjerenik za informiranje Republike Hrvatske je tijelo nadle\u017eno za pra\u0107enje uskla\u0111enosti mre\u017enih stranica i programskih rje\u0161enja za pokretne ure\u0111aje tijela javnog sektora sa zahtjevima pristupa\u010dnosti i nadzor nad provedbom Zakona o pristupa\u010dnosti.<\/p>\n<p style=\"text-align: left;\">U slu\u010daju nezadovoljavaju\u0107ih odgovora na obavijest ili zahtjev za povratne informacije o pristupa\u010dnosti ovim mre\u017enih stranica, korisnici se mogu obratiti Povjereniku za informiranje telefonom ili putem elektroni\u010dke po\u0161te na adresi: pristupacnost@pristupinfo.hr.<\/p>\n","protected":false},"excerpt":{"rendered":"<p>Izjava o pristupa\u010dnosti Op\u0107ina Kula Norinska nastoji svoje mre\u017ene stranice u\u010diniti pristupa\u010dnima u skladu sa Zakonom o pristupa\u010dnosti mre\u017enih stranica i programskih rje\u0161enja za pokretne ure\u0111aje tijela javnog sektora Republike Hrvatske (\u201eNarodne novine\u201c, broj 17\/19; dalje u tekstu: Zakon o pristupa\u010dnosti) kojim se prenosi Direktiva&#8230;<\/p>\n","protected":false},"author":1,"featured_media":0,"parent":0,"menu_order":0,"comment_status":"closed","ping_status":"closed","template":"","meta":{"_monsterinsights_skip_tracking":false,"_monsterinsights_sitenote_active":false,"_monsterinsights_sitenote_note":"","_monsterinsights_sitenote_category":0,"ngg_post_thumbnail":0,"footnotes":""},"class_list":["post-9297","page","type-page","status-publish","hentry"],"_links":{"self":[{"href":"https:\/\/radno.kulanorinska.hr\/index.php?rest_route=\/wp\/v2\/pages\/9297","targetHints":{"allow":["GET"]}}],"collection":[{"href":"https:\/\/radno.kulanorinska.hr\/index.php?rest_route=\/wp\/v2\/pages"}],"about":[{"href":"https:\/\/radno.kulanorinska.hr\/index.php?rest_route=\/wp\/v2\/types\/page"}],"author":[{"embeddable":true,"href":"https:\/\/radno.kulanorinska.hr\/index.php?rest_route=\/wp\/v2\/users\/1"}],"replies":[{"embeddable":true,"href":"https:\/\/radno.kulanorinska.hr\/index.php?rest_route=%2Fwp%2Fv2%2Fcomments&post=9297"}],"version-history":[{"count":3,"href":"https:\/\/radno.kulanorinska.hr\/index.php?rest_route=\/wp\/v2\/pages\/9297\/revisions"}],"predecessor-version":[{"id":9309,"href":"https:\/\/radno.kulanorinska.hr\/index.php?rest_route=\/wp\/v2\/pages\/9297\/revisions\/9309"}],"wp:attachment":[{"href":"https:\/\/radno.kulanorinska.hr\/index.php?rest_route=%2Fwp%2Fv2%2Fmedia&parent=9297"}],"curies":[{"name":"wp","href":"https:\/\/api.w.org\/{rel}","templated":true}]}}